{"id":2,"date":"2016-05-10T03:48:21","date_gmt":"2016-05-10T01:48:21","guid":{"rendered":"http:\/\/casaditalialucerna.ch\/?page_id=2"},"modified":"2019-02-13T00:09:25","modified_gmt":"2019-02-12T22:09:25","slug":"sample-page","status":"publish","type":"page","link":"https:\/\/casaditalialucerna.ch\/","title":{"rendered":"Chi siamo"},"content":{"rendered":"<h3 class=\"wp-block-heading\"><strong>Intervista radio Lora<\/strong><\/h3>\r\n<p>Leonardo Carruso a Ippazio Calabrese del 10.02.2018\/ Ore 10:15<\/p>\r\n<p>&nbsp;<\/p>\r\n<audio class=\"wp-audio-shortcode\" id=\"audio-2-1\" preload=\"none\" style=\"width: 100%;\" controls=\"controls\"><source type=\"audio\/mpeg\" src=\"http:\/\/casaditalialucerna.ch\/wp-content\/uploads\/2019\/02\/Radio_Lora_ConvertedTrack.mp3?_=1\" \/><a href=\"http:\/\/casaditalialucerna.ch\/wp-content\/uploads\/2019\/02\/Radio_Lora_ConvertedTrack.mp3\">http:\/\/casaditalialucerna.ch\/wp-content\/uploads\/2019\/02\/Radio_Lora_ConvertedTrack.mp3<\/a><\/audio>\r\n<hr \/>\r\n<h4>ARTICOLO CORRIERE DEL 30.01.2019<\/h4>\r\n\r\n\r\n\r\n<p>Grazie per ogni vostro consiglio. Ci abbiamo messo tutto il nostro impegno ma \u2026\u2026\u2026\u2026\u2026\u2026<\/p>\r\n\r\n\r\n\r\n<figure class=\"wp-block-image\"><a href=\"http:\/\/casaditalialucerna.ch\/wp-content\/uploads\/2019\/02\/Corriere_paint-2.png\" target=\"_blank\" rel=\"noreferrer noopener\"><img loading=\"lazy\" decoding=\"async\" class=\"alignnone wp-image-617 size-full\" src=\"http:\/\/casaditalialucerna.ch\/wp-content\/uploads\/2019\/02\/Corriere_paint-2.png\" alt=\"\" width=\"696\" height=\"1360\" srcset=\"https:\/\/casaditalialucerna.ch\/wp-content\/uploads\/2019\/02\/Corriere_paint-2.png 696w, https:\/\/casaditalialucerna.ch\/wp-content\/uploads\/2019\/02\/Corriere_paint-2-154x300.png 154w, https:\/\/casaditalialucerna.ch\/wp-content\/uploads\/2019\/02\/Corriere_paint-2-524x1024.png 524w\" sizes=\"auto, (max-width: 696px) 100vw, 696px\" \/><\/a><\/figure>\r\n<p>&nbsp;<\/p>\r\n<p>&nbsp;<\/p>\r\n<hr \/><hr \/>\r\n<p>RSI Rete Uno trasmissione &#8220;Albachiara&#8221;,\u00a0 del 15.01.2018 ore 06.35 il giornalista Marcello Fusetti in collegamento radiofonico intervista il Signor dott. Lucio Carraro sul progetto Casa d&#8217;Italia Lucerna.<\/p>\r\n<p>&nbsp;<\/p>\r\n<audio class=\"wp-audio-shortcode\" id=\"audio-2-2\" preload=\"none\" style=\"width: 100%;\" controls=\"controls\"><source type=\"audio\/mpeg\" src=\"http:\/\/casaditalialucerna.ch\/wp-content\/uploads\/2018\/01\/Sprachmemo-027_002.m4a?_=2\" \/><a href=\"http:\/\/casaditalialucerna.ch\/wp-content\/uploads\/2018\/01\/Sprachmemo-027_002.m4a\">http:\/\/casaditalialucerna.ch\/wp-content\/uploads\/2018\/01\/Sprachmemo-027_002.m4a<\/a><\/audio>\r\n<p><strong><em>Documentario RSI sulle Case d&#8217;Italia in Svizzera:<\/em><\/strong><\/p>\r\n<p><a href=\"https:\/\/www.rsi.ch\/news\/oltre-la-news\/Case-dItalia-9963982.html\" target=\"_blank\" rel=\"noopener\">https:\/\/www.rsi.ch\/news\/oltre-la-news\/Case-dItalia<\/a><\/p>\r\n<p><strong>Casa d&#8217;Italia di Lucerna <\/strong><\/p>\r\n<p>La nostra Casa d\u2019Italia in Obergrundstrasse 92 a Lucerna nasce negli anni 20-30, quando la comunit\u00e0 italiana intervenne con un contributo di CHF 62&#8217;000.\u2014 all\u2019acquisto dell\u2019immobile \u00a0per costituire l\u2019asilo e il dopo-scuola per i propri figli. In seguito lo stato insedi\u00f2 il suo Vice- e poi Consolato d\u2019Italia.<\/p>\r\n<p>La Casa d\u2019Italia \u00e8 la testimonianza della storia di oltre un secolo di emigrazione italiana e come tale appartiene alla storia della citta di Lucerna e della Svizzera interna.<\/p>\r\n<p>Grazie alla cura della propria identit\u00e0<span style=\"text-decoration: line-through;\">,<\/span> la Casa d\u2019Italia \u00e8 il presupposto per un\u2019armonizzazione sociale e culturale, tra l\u2019Italia, la Svizzera ed altre culture.<\/p>\r\n<p>La comunit\u00e0 italiana ha bisogno di questi locali per le attivit\u00e0 socio culturali da offrire agli Italiani, Svizzeri e altre culture.<\/p>\r\n<p>Per questi motivi La comunit\u00e0 italiana dei quattro cantoni LU-NW-OW-URI ha costituito una societ\u00e0 Cooperativa, fondata nello spirito di servizio, con lo scopo di acquistare e gestire lo stabile \u201cCasa d\u2019Italia Obergrundstr. 92, 6005 Lucerna\u201d, con l\u2019esclusione di qualsiasi intento speculativo.<\/p>\r\n<p>In particolare, la cooperativa casa d\u2019Italia si propone:<\/p>\r\n<ul>\r\n<li>di garantire spazi per il rappresentante- e il corrispondente consolare per i servizi consolari<\/li>\r\n<li>la manutenzione e la gestione, oculata ed al passo coi tempi, di una struttura efficiente e funzionale, autofinanziata ma senza alcun intento lucrativo<\/li>\r\n<li>la promozione delle attivit\u00e0 socio-culturali e sportive della comunit\u00e0 italiana: associazioni, istituzioni, gruppi, ecc., mettendo a disposizione locali e infrastrutture<\/li>\r\n<li>il mantenimento delle radici culturali e spirituali della comunit\u00e0 italiana, affinch\u00e9 le nuove generazioni possano conoscerle e averne cura<\/li>\r\n<li>la promozione dell\u2019interculturalit\u00e0 in collaborazione con le comunit\u00e0 culturali svizzere e di altre origini<\/li>\r\n<\/ul>\r\n<p>La Casa d\u2019Italia vuole continuare ad essere un angolo d\u2019Italia e un punto di incontro aperto e ospitale nella magnifica citt\u00e0 di Lucerna; un bene, che la comunit\u00e0 intende gestire in modo oculato, trasparente e con spirito di solidariet\u00e0.<\/p>\r\n<p>&nbsp;<\/p>","protected":false},"excerpt":{"rendered":"<p>Intervista radio Lora Leonardo Carruso a Ippazio Calabrese del 10.02.2018\/ Ore 10:15 &nbsp; ARTICOLO CORRIERE DEL 30.01.2019 Grazie per ogni vostro consiglio. Ci abbiamo messo tutto il nostro impegno ma \u2026\u2026\u2026\u2026\u2026\u2026 RSI Rete Uno trasmissione &#8220;Albachiara&#8221;,\u00a0 del 15.01.2018 ore 06.35 il giornalista Marcello Fusetti in collegamento radiofonico intervista il Signor dott. Lucio Carraro sul progetto &hellip; <\/p>\n<p class=\"link-more\"><a href=\"https:\/\/casaditalialucerna.ch\/\" class=\"more-link\">Leggi tutto<span class=\"screen-reader-text\"> &#8220;Chi siamo&#8221;<\/span><\/a><\/p>\n","protected":false},"author":1,"featured_media":0,"parent":0,"menu_order":0,"comment_status":"open","ping_status":"closed","template":"","meta":{"footnotes":""},"class_list":["post-2","page","type-page","status-publish","hentry"],"_links":{"self":[{"href":"https:\/\/casaditalialucerna.ch\/index.php?rest_route=\/wp\/v2\/pages\/2","targetHints":{"allow":["GET"]}}],"collection":[{"href":"https:\/\/casaditalialucerna.ch\/index.php?rest_route=\/wp\/v2\/pages"}],"about":[{"href":"https:\/\/casaditalialucerna.ch\/index.php?rest_route=\/wp\/v2\/types\/page"}],"author":[{"embeddable":true,"href":"https:\/\/casaditalialucerna.ch\/index.php?rest_route=\/wp\/v2\/users\/1"}],"replies":[{"embeddable":true,"href":"https:\/\/casaditalialucerna.ch\/index.php?rest_route=%2Fwp%2Fv2%2Fcomments&post=2"}],"version-history":[{"count":42,"href":"https:\/\/casaditalialucerna.ch\/index.php?rest_route=\/wp\/v2\/pages\/2\/revisions"}],"predecessor-version":[{"id":686,"href":"https:\/\/casaditalialucerna.ch\/index.php?rest_route=\/wp\/v2\/pages\/2\/revisions\/686"}],"wp:attachment":[{"href":"https:\/\/casaditalialucerna.ch\/index.php?rest_route=%2Fwp%2Fv2%2Fmedia&parent=2"}],"curies":[{"name":"wp","href":"https:\/\/api.w.org\/{rel}","templated":true}]}}