{"id":449,"date":"2018-01-14T15:20:35","date_gmt":"2018-01-14T13:20:35","guid":{"rendered":"http:\/\/casaditalialucerna.ch\/?page_id=449"},"modified":"2018-08-05T23:19:46","modified_gmt":"2018-08-05T21:19:46","slug":"crowdfounding-eroilocali-ch","status":"publish","type":"page","link":"https:\/\/casaditalialucerna.ch\/?page_id=449","title":{"rendered":"Crowdfounding\/ eroilocali.ch"},"content":{"rendered":"<p><strong>CARO SOCIO, SIMPATIZZANTE\u00a0 E SOSTENITORE DEL PROGETTO CASA D&#8217;ITALIA LUCERNA.\u00a0 \u00a0LA RACCOLTA FONDI VIA CROWDFUNDING AL MOMENTO NON \u00c8 ATTIVA. SE VUOLE SOSTENERE IL PROGETTO, LA PREGHIAMO DI ACQUISTARE UNA O PIU&#8217; PARTECIPAZIONI DELLA SOCIET\u00c0 COOPERATIVA CASA D&#8217;ITALIA o FARE UNA DONAZIONE. Grazie.<\/strong><\/p>\n<p><strong>VANTAGGI DELLA PARTECIPAZIONE: <\/strong><\/p>\n<p style=\"text-align: left;\"><strong>1. Si diventa socio della Societ\u00e0<\/strong><\/p>\n<p style=\"text-align: left;\"><strong>2. Si sostiene il progetto<\/strong><\/p>\n<p style=\"text-align: left;\"><strong>3. I soldi sono sempre suoi e si possono richiedere in qualsiasi momento,\u00a0<\/strong><strong>\u00a0 \u00a0 \u00a0 \u00a0 \u00a0 \u00a0 \u00a0secondo l&#8217;art.<\/strong><strong>6. dello Statuto<\/strong><\/p>\n<p style=\"text-align: left;\"><strong>4. Si ha diritto allo 0,5 % d&#8217;interessi<\/strong><\/p>\n<p style=\"text-align: left;\"><strong>5. Si ha diritto al voto all&#8217;assemblea generale <\/strong><\/p>\n<p style=\"text-align: left;\"><strong>&#8230;..e tanto altro. <\/strong><\/p>\n<p><strong>Grazie per il suo prezioso sostegno.<\/strong><\/p>\n<p>IBAN CH34 0840 1000 0613 8547 6<br \/>\nClearing- Nr.: 8401<br \/>\nSWIFT-Code: MIGRCHZZ80A<br \/>\nMigros Bank<br \/>\n8001 Zurigo<\/p>\n<p>**********************************************************************************<\/p>\n<p>Il progetto viene finanziato anche tramite crowdfunding. V\u2019invitiamo a visitare: <strong><em><a href=\"http:\/\/www.eroilocali.ch\/casa-ditalia-luzern\" target=\"_blank\" rel=\"noopener\">www.eroilocali.ch\/casa-ditalia-luzern<\/a><\/em><\/strong> \u00a0condividete il link con I vostri amici, diventate fan e fate una piccola donazione. Grazie per il vostro contributo a salvare la Casa d\u2019Italia e la cultura italiana in Svizzera.<\/p>\n<p>Per la Comunit\u00e0 della Svizzera Centrale sarebbe la realizzazione di un nobile progetto. Ognuno pu\u00f2 partecipare secondo le sue proprie possibilit\u00e0. Per dettagli, contattateci.<\/p>\n<p>Grazie per ogni contributo.<\/p>","protected":false},"excerpt":{"rendered":"<p>CARO SOCIO, SIMPATIZZANTE\u00a0 E SOSTENITORE DEL PROGETTO CASA D&#8217;ITALIA LUCERNA.\u00a0 \u00a0LA RACCOLTA FONDI VIA CROWDFUNDING AL MOMENTO NON \u00c8 ATTIVA. SE VUOLE SOSTENERE IL PROGETTO, LA PREGHIAMO DI ACQUISTARE UNA O PIU&#8217; PARTECIPAZIONI DELLA SOCIET\u00c0 COOPERATIVA CASA D&#8217;ITALIA o FARE UNA DONAZIONE. Grazie. VANTAGGI DELLA PARTECIPAZIONE: 1. Si diventa socio della Societ\u00e0 2. Si sostiene &hellip; <\/p>\n<p class=\"link-more\"><a href=\"https:\/\/casaditalialucerna.ch\/?page_id=449\" class=\"more-link\">Leggi tutto<span class=\"screen-reader-text\"> &#8220;Crowdfounding\/ eroilocali.ch&#8221;<\/span><\/a><\/p>\n","protected":false},"author":1,"featured_media":0,"parent":0,"menu_order":0,"comment_status":"closed","ping_status":"closed","template":"","meta":{"footnotes":""},"class_list":["post-449","page","type-page","status-publish","hentry"],"_links":{"self":[{"href":"https:\/\/casaditalialucerna.ch\/index.php?rest_route=\/wp\/v2\/pages\/449","targetHints":{"allow":["GET"]}}],"collection":[{"href":"https:\/\/casaditalialucerna.ch\/index.php?rest_route=\/wp\/v2\/pages"}],"about":[{"href":"https:\/\/casaditalialucerna.ch\/index.php?rest_route=\/wp\/v2\/types\/page"}],"author":[{"embeddable":true,"href":"https:\/\/casaditalialucerna.ch\/index.php?rest_route=\/wp\/v2\/users\/1"}],"replies":[{"embeddable":true,"href":"https:\/\/casaditalialucerna.ch\/index.php?rest_route=%2Fwp%2Fv2%2Fcomments&post=449"}],"version-history":[{"count":15,"href":"https:\/\/casaditalialucerna.ch\/index.php?rest_route=\/wp\/v2\/pages\/449\/revisions"}],"predecessor-version":[{"id":539,"href":"https:\/\/casaditalialucerna.ch\/index.php?rest_route=\/wp\/v2\/pages\/449\/revisions\/539"}],"wp:attachment":[{"href":"https:\/\/casaditalialucerna.ch\/index.php?rest_route=%2Fwp%2Fv2%2Fmedia&parent=449"}],"curies":[{"name":"wp","href":"https:\/\/api.w.org\/{rel}","templated":true}]}}